{"id":100,"date":"2025-01-09T10:23:07","date_gmt":"2025-01-09T10:23:07","guid":{"rendered":"https:\/\/newsmagazinexpro.kinsta.cloud\/demo\/?page_id=100"},"modified":"2026-01-08T20:17:44","modified_gmt":"2026-01-08T20:17:44","slug":"contact","status":"publish","type":"page","link":"https:\/\/avozdasruas.com.br\/portal\/index.php\/contact\/","title":{"rendered":"Contato"},"content":{"rendered":"\n<p>O Portal de Not\u00edcias A Voz das Ruas surgiu para amplificar as vozes e hist\u00f3rias do cotidiano das periferias. Nosso compromisso \u00e9 praticar um jornalismo s\u00e9rio, \u00e9tico e profundamente engajado com as quest\u00f5es sociais, trazendo \u00e0 tona realidades muitas vezes invis\u00edveis pela m\u00eddia tradicional. Aqui, a periferia \u00e9 protagonista: contamos as lutas, as conquistas, as culturas vibrantes e os desafios di\u00e1rios com responsabilidade, verdade e proximidade. Buscamos n\u00e3o s\u00f3 informar, mas promover reflex\u00e3o, empatia e mudan\u00e7a, dando visibilidade ao que realmente importa para quem vive nas ruas e comunidades.<\/p>\n\n\n\n<p><strong>Sinta-se \u00e0 vontade para entrar em contato com a nossa reda\u00e7\u00e3o atrav\u00e9s do WhatsApp!<\/strong><\/p>\n\n\n\n<div style=\"height:1px\" aria-hidden=\"true\" class=\"wp-block-spacer\"><\/div>\n\n\n\n<div class=\"wp-block-columns is-layout-flex wp-container-core-columns-is-layout-28f84493 wp-block-columns-is-layout-flex\">\n<div class=\"wp-block-column is-layout-flow wp-block-column-is-layout-flow\">\n<p><strong>Reda\u00e7\u00e3o:<\/strong><br>Luis Augusto :: (81) 99429-0534<br>Jhonata Antonio :: (81) 99224-9862<\/p>\n\n\n\n<p><strong>Comercial<\/strong>: <br>Jefferson Barreto :: (81) 98169-4407<\/p>\n\n\n\n<p><strong>Email:<\/strong>\u00a0<br>avozdasruas.com.br@gmail.com<\/p>\n<\/div>\n<\/div>\n\n\n\n<div style=\"height:1px\" aria-hidden=\"true\" class=\"wp-block-spacer\"><\/div>\n\n\n\n\n\n<p><\/p>\n","protected":false},"excerpt":{"rendered":"<p>O Portal de Not\u00edcias A Voz das Ruas surgiu para amplificar as vozes e hist\u00f3rias do cotidiano das periferias. Nosso compromisso \u00e9 praticar um jornalismo s\u00e9rio, \u00e9tico e profundamente engajado com as quest\u00f5es sociais, trazendo \u00e0 tona realidades muitas vezes invis\u00edveis pela m\u00eddia tradicional. Aqui, a periferia \u00e9 protagonista: contamos as lutas, as conquistas, as<\/p>\n","protected":false},"author":3,"featured_media":0,"parent":0,"menu_order":0,"comment_status":"closed","ping_status":"closed","template":"","meta":{"footnotes":""},"class_list":["post-100","page","type-page","status-publish","hentry"],"_links":{"self":[{"href":"https:\/\/avozdasruas.com.br\/portal\/index.php\/wp-json\/wp\/v2\/pages\/100","targetHints":{"allow":["GET"]}}],"collection":[{"href":"https:\/\/avozdasruas.com.br\/portal\/index.php\/wp-json\/wp\/v2\/pages"}],"about":[{"href":"https:\/\/avozdasruas.com.br\/portal\/index.php\/wp-json\/wp\/v2\/types\/page"}],"author":[{"embeddable":true,"href":"https:\/\/avozdasruas.com.br\/portal\/index.php\/wp-json\/wp\/v2\/users\/3"}],"replies":[{"embeddable":true,"href":"https:\/\/avozdasruas.com.br\/portal\/index.php\/wp-json\/wp\/v2\/comments?post=100"}],"version-history":[{"count":5,"href":"https:\/\/avozdasruas.com.br\/portal\/index.php\/wp-json\/wp\/v2\/pages\/100\/revisions"}],"predecessor-version":[{"id":547,"href":"https:\/\/avozdasruas.com.br\/portal\/index.php\/wp-json\/wp\/v2\/pages\/100\/revisions\/547"}],"wp:attachment":[{"href":"https:\/\/avozdasruas.com.br\/portal\/index.php\/wp-json\/wp\/v2\/media?parent=100"}],"curies":[{"name":"wp","href":"https:\/\/api.w.org\/{rel}","templated":true}]}}